{"id":275,"date":"2024-01-22T20:02:46","date_gmt":"2024-01-22T19:02:46","guid":{"rendered":"https:\/\/admix-bud.pl\/?page_id=275"},"modified":"2026-01-22T16:51:48","modified_gmt":"2026-01-22T15:51:48","slug":"ogrodzenia","status":"publish","type":"page","link":"https:\/\/admix-bud.pl\/?page_id=275","title":{"rendered":"Ogrodzenia"},"content":{"rendered":"\n<div class=\"wp-block-cover alignwide\" style=\"min-height:91px;aspect-ratio:unset;\"><span aria-hidden=\"true\" class=\"wp-block-cover__background has-accent-background-color has-background-dim-100 has-background-dim\"><\/span><div class=\"wp-block-cover__inner-container is-layout-constrained wp-block-cover-is-layout-constrained\">\n<h1 class=\"wp-block-heading has-text-align-left has-x-large-font-size\"><strong><sub>OGRODZENIA<\/sub><\/strong><\/h1>\n<\/div><\/div>\n\n\n\n<p><\/p>\n\n\n\n<h4 class=\"wp-block-heading\">Kompleksowe Rozwi\u0105zania dla Twojego Domu i Firmy<\/h4>\n\n\n\n<p>W Admix-bud specjalizujemy si\u0119 w dostarczaniu wysokiej jako\u015bci metalowych ogrodze\u0144, zapewniaj\u0105cych nie tylko bezpiecze\u0144stwo i prywatno\u015b\u0107, ale r\u00f3wnie\u017c elegancki wygl\u0105d Twojej posesji. Rozumiemy, \u017ce ogrodzenie to nie tylko bariera, ale r\u00f3wnie\u017c element dekoracyjny i praktyczny Twojego domu lub firmy.<\/p>\n\n\n\n<div class=\"wp-block-columns is-layout-flex wp-container-core-columns-is-layout-9d6595d7 wp-block-columns-is-layout-flex\">\n<div class=\"wp-block-column is-layout-flow wp-block-column-is-layout-flow\">\n<figure class=\"wp-block-image size-large\"><img decoding=\"async\" src=\"https:\/\/admix-bud.pl\/wp-content\/uploads\/2024\/01\/IMG_20220219_134753-1024x768.jpg\" alt=\"\" class=\"wp-image-469\"\/><\/figure>\n<\/div>\n\n\n\n<div class=\"wp-block-column is-layout-flow wp-block-column-is-layout-flow\">\n<figure class=\"wp-block-image size-large is-resized\"><img fetchpriority=\"high\" decoding=\"async\" width=\"1024\" height=\"768\" src=\"https:\/\/admix-bud.pl\/wp-content\/uploads\/2024\/01\/received_330633681380482-1024x768.jpeg\" alt=\"\" class=\"wp-image-466\" style=\"width:665px;height:auto\" srcset=\"https:\/\/admix-bud.pl\/wp-content\/uploads\/2024\/01\/received_330633681380482-1024x768.jpeg 1024w, https:\/\/admix-bud.pl\/wp-content\/uploads\/2024\/01\/received_330633681380482-300x225.jpeg 300w, https:\/\/admix-bud.pl\/wp-content\/uploads\/2024\/01\/received_330633681380482-768x576.jpeg 768w, https:\/\/admix-bud.pl\/wp-content\/uploads\/2024\/01\/received_330633681380482-1536x1152.jpeg 1536w, https:\/\/admix-bud.pl\/wp-content\/uploads\/2024\/01\/received_330633681380482-2048x1536.jpeg 2048w\" sizes=\"(max-width: 1024px) 100vw, 1024px\" \/><\/figure>\n<\/div>\n<\/div>\n\n\n\n<p><strong>Dlaczego Wybra\u0107 Nasze Metalowe Ogrodzenia?<\/strong><\/p>\n\n\n\n<ul class=\"wp-block-list\">\n<li><strong>Trwa\u0142o\u015b\u0107 i Estetyka<\/strong>: Nasze ogrodzenia wykonane s\u0105 z najlepszych materia\u0142\u00f3w, gwarantuj\u0105cych  estetyczny wygl\u0105d. Odporne na korozj\u0119 i zmienne warunki atmosferyczne, nasze ogrodzenia zachowuj\u0105 sw\u00f3j wygl\u0105d przez lata.<\/li>\n\n\n\n<li><strong>Indywidualne Projekty<\/strong>: Oferujemy szeroki wyb\u00f3r wzor\u00f3w i styl\u00f3w, aby dopasowa\u0107 si\u0119 do unikalnego charakteru Twojej nieruchomo\u015bci. Mo\u017cesz wybra\u0107 z gotowych wzor\u00f3w lub zleci\u0107 projekt na miar\u0119.<\/li>\n\n\n\n<li><strong>Bezpiecze\u0144stwo<\/strong>: Metalowe ogrodzenia to skuteczna ochrona przed nieproszonymi go\u015b\u0107mi, zapewniaj\u0105c Tobie i Twojej rodzinie spok\u00f3j ducha.<\/li>\n<\/ul>\n\n\n\n<p><strong>Automatyka \u2013 Nowoczesno\u015b\u0107 i Wygoda<\/strong><\/p>\n\n\n\n<p>Wychodz\u0105c naprzeciw oczekiwaniom naszych Klient\u00f3w, oferujemy r\u00f3wnie\u017c profesjonalny monta\u017c automat\u00f3w do ogrodze\u0144. Automatyka ogrodzeniowa to nie tylko wygoda, ale r\u00f3wnie\u017c dodatkowy element bezpiecze\u0144stwa. Z naszymi automatycznymi rozwi\u0105zaniami mo\u017cesz \u0142atwo kontrolowa\u0107 dost\u0119p do Twojej posesji, nie wychodz\u0105c z samochodu czy domu.<br><\/p>\n\n\n\n<ul class=\"wp-block-list\">\n<li><strong>Profesjonalny Monta\u017c<\/strong>: Nasz zesp\u00f3\u0142 specjalist\u00f3w zapewnia szybki i profesjonalny monta\u017c automat\u00f3w, gwarantuj\u0105c ich niezawodno\u015b\u0107 i d\u0142ugotrwa\u0142e dzia\u0142anie.<\/li>\n\n\n\n<li><strong>Nowoczesne Rozwi\u0105zania<\/strong>: Oferujemy szeroki wyb\u00f3r automat\u00f3w, w tym bramy przesuwne, skrzyd\u0142owe oraz systemy kontroli dost\u0119pu.<\/li>\n<\/ul>\n\n\n\n<p><strong><a href=\"https:\/\/admix-bud.pl\/?page_id=31\" data-type=\"link\" data-id=\"https:\/\/admix-bud.pl\/?page_id=31\">Skontaktuj si\u0119 <\/a>z nami ju\u017c dzi\u015b, aby dowiedzie\u0107 si\u0119 wi\u0119cej o naszych us\u0142ugach i zaplanowa\u0107 konsultacj\u0119. Twoje zadowolenie i bezpiecze\u0144stwo s\u0105 naszym priorytetem.<\/strong><\/p>\n","protected":false},"excerpt":{"rendered":"<p>Kompleksowe Rozwi\u0105zania dla Twojego Domu i Firmy W Admix-bud specjalizujemy si\u0119 w dostarczaniu wysokiej jako\u015bci metalowych ogrodze\u0144, zapewniaj\u0105cych nie tylko bezpiecze\u0144stwo i prywatno\u015b\u0107, ale r\u00f3wnie\u017c elegancki wygl\u0105d Twojej posesji. Rozumiemy, \u017ce ogrodzenie to nie tylko bariera, ale r\u00f3wnie\u017c element dekoracyjny i praktyczny Twojego domu lub firmy. Dlaczego Wybra\u0107 Nasze Metalowe Ogrodzenia? Automatyka \u2013 Nowoczesno\u015b\u0107 i &#8230; <a title=\"Ogrodzenia\" class=\"read-more\" href=\"https:\/\/admix-bud.pl\/?page_id=275\" aria-label=\"Dowiedz si\u0119 wi\u0119cej o Ogrodzenia\">Dowiedz si\u0119 wi\u0119cej<\/a><\/p>\n","protected":false},"author":1,"featured_media":0,"parent":2,"menu_order":0,"comment_status":"closed","ping_status":"closed","template":"","meta":{"footnotes":""},"class_list":["post-275","page","type-page","status-publish"],"_links":{"self":[{"href":"https:\/\/admix-bud.pl\/index.php?rest_route=\/wp\/v2\/pages\/275","targetHints":{"allow":["GET"]}}],"collection":[{"href":"https:\/\/admix-bud.pl\/index.php?rest_route=\/wp\/v2\/pages"}],"about":[{"href":"https:\/\/admix-bud.pl\/index.php?rest_route=\/wp\/v2\/types\/page"}],"author":[{"embeddable":true,"href":"https:\/\/admix-bud.pl\/index.php?rest_route=\/wp\/v2\/users\/1"}],"replies":[{"embeddable":true,"href":"https:\/\/admix-bud.pl\/index.php?rest_route=%2Fwp%2Fv2%2Fcomments&post=275"}],"version-history":[{"count":23,"href":"https:\/\/admix-bud.pl\/index.php?rest_route=\/wp\/v2\/pages\/275\/revisions"}],"predecessor-version":[{"id":598,"href":"https:\/\/admix-bud.pl\/index.php?rest_route=\/wp\/v2\/pages\/275\/revisions\/598"}],"up":[{"embeddable":true,"href":"https:\/\/admix-bud.pl\/index.php?rest_route=\/wp\/v2\/pages\/2"}],"wp:attachment":[{"href":"https:\/\/admix-bud.pl\/index.php?rest_route=%2Fwp%2Fv2%2Fmedia&parent=275"}],"curies":[{"name":"wp","href":"https:\/\/api.w.org\/{rel}","templated":true}]}}