{"id":10,"date":"2024-01-21T13:46:34","date_gmt":"2024-01-21T12:46:34","guid":{"rendered":"https:\/\/admix-bud.pl\/?page_id=10"},"modified":"2024-01-28T18:24:22","modified_gmt":"2024-01-28T17:24:22","slug":"dojazd","status":"publish","type":"page","link":"https:\/\/admix-bud.pl\/?page_id=10","title":{"rendered":"Dojazd"},"content":{"rendered":"\n<h2 class=\"wp-block-heading\">Lokalizacja<\/h2>\n\n\n\n<p><strong>Ulica<\/strong>: Petera 64<br><strong>Miejscowo\u015b\u0107<\/strong>: Tomasz\u00f3w Lubelski<br><strong>Wojew\u00f3dztwo<\/strong>: lubelskie<\/p>\n\n\n\n<h2 class=\"wp-block-heading\">Znajd\u017a nas na Mapie:<\/h2>\n\n\n\n<div class=\"wp-block-columns is-layout-flex wp-container-core-columns-is-layout-9d6595d7 wp-block-columns-is-layout-flex\">\n<div class=\"wp-block-column is-layout-flow wp-block-column-is-layout-flow\">\n<iframe src=\"https:\/\/www.google.com\/maps\/embed?pb=!1m18!1m12!1m3!1d5081.8941124946405!2d23.423599488782138!3d50.44208681214507!2m3!1f0!2f0!3f0!3m2!1i1024!2i768!4f13.1!3m3!1m2!1s0x4724aee1e32dcb61%3A0x1312bf8dc772fe63!2sADMIX-BUD!5e0!3m2!1spl!2spl!4v1705843038713!5m2!1spl!2spl\" width=\"600\" height=\"450\" style=\"border:0;\" allowfullscreen=\"\" loading=\"lazy\" referrerpolicy=\"no-referrer-when-downgrade\"><\/iframe>\n<\/div>\n\n\n\n<div class=\"wp-block-column is-layout-flow wp-block-column-is-layout-flow\">\n<iframe src=\"https:\/\/www.google.com\/maps\/embed?pb=!4v1706461716067!6m8!1m7!1sfGNIXjH1djC9zrTy0fKQtA!2m2!1d50.44280768362612!2d23.42794974650609!3f186.04715806415865!4f-6.42748941732556!5f0.7820865974627469\" width=\"600\" height=\"450\" style=\"border:0;\" allowfullscreen=\"\" loading=\"lazy\" referrerpolicy=\"no-referrer-when-downgrade\"><\/iframe>\n<\/div>\n<\/div>\n","protected":false},"excerpt":{"rendered":"<p>Lokalizacja Ulica: Petera 64Miejscowo\u015b\u0107: Tomasz\u00f3w LubelskiWojew\u00f3dztwo: lubelskie Znajd\u017a nas na Mapie:<\/p>\n","protected":false},"author":1,"featured_media":0,"parent":295,"menu_order":0,"comment_status":"closed","ping_status":"closed","template":"","meta":{"footnotes":""},"class_list":["post-10","page","type-page","status-publish"],"_links":{"self":[{"href":"https:\/\/admix-bud.pl\/index.php?rest_route=\/wp\/v2\/pages\/10","targetHints":{"allow":["GET"]}}],"collection":[{"href":"https:\/\/admix-bud.pl\/index.php?rest_route=\/wp\/v2\/pages"}],"about":[{"href":"https:\/\/admix-bud.pl\/index.php?rest_route=\/wp\/v2\/types\/page"}],"author":[{"embeddable":true,"href":"https:\/\/admix-bud.pl\/index.php?rest_route=\/wp\/v2\/users\/1"}],"replies":[{"embeddable":true,"href":"https:\/\/admix-bud.pl\/index.php?rest_route=%2Fwp%2Fv2%2Fcomments&post=10"}],"version-history":[{"count":8,"href":"https:\/\/admix-bud.pl\/index.php?rest_route=\/wp\/v2\/pages\/10\/revisions"}],"predecessor-version":[{"id":425,"href":"https:\/\/admix-bud.pl\/index.php?rest_route=\/wp\/v2\/pages\/10\/revisions\/425"}],"up":[{"embeddable":true,"href":"https:\/\/admix-bud.pl\/index.php?rest_route=\/wp\/v2\/pages\/295"}],"wp:attachment":[{"href":"https:\/\/admix-bud.pl\/index.php?rest_route=%2Fwp%2Fv2%2Fmedia&parent=10"}],"curies":[{"name":"wp","href":"https:\/\/api.w.org\/{rel}","templated":true}]}}